{"id":7,"date":"2014-06-14T20:16:35","date_gmt":"2014-06-14T20:16:35","guid":{"rendered":"http:\/\/kooiker-mainz.de\/?page_id=7"},"modified":"2020-09-08T19:04:43","modified_gmt":"2020-09-08T19:04:43","slug":"das-kooikerhondje","status":"publish","type":"page","link":"https:\/\/kooiker-mainz.de\/?page_id=7","title":{"rendered":"Das Kooikerhondje"},"content":{"rendered":"<h4><span style=\"color: #008080;\">Seine Herkunft<\/span><\/h4>\n<p><span style=\"color: #333333;\">Seinen Ursprung hat das Kooikerhondje bei unseren Nachbarn in den Niederlanden. Es ist Baronesse van Hardenbroek van Ammerstol zu verdanken, dass&nbsp;es diese Hunderasse heute \u00fcberhaupt noch gibt. Im Jahr 1939 hat sie die Zucht des Kooikerhondjes &#8211; das bis dahin fast g\u00e4nzlich ausgestorben war &#8211; neu aufgebaut. Auch heute ist das Kooikerhondje noch kein Hund, den man immer und \u00fcberall antreffen kann.<\/span><\/p>\n<p><a href=\"http:\/\/kooiker-mainz.de\/wp-content\/uploads\/2014\/06\/10-baronesse-hardenbroek1-.jpg\"><img decoding=\"async\" loading=\"lazy\" class=\"aligncenter wp-image-791\" src=\"http:\/\/kooiker-mainz.de\/wp-content\/uploads\/2014\/06\/10-baronesse-hardenbroek1-.jpg\" alt=\"10-baronesse-hardenbroek1\" width=\"600\" height=\"427\"><\/a><\/p>\n<p><span style=\"color: #333333;\">Im Gegenteil: Es geh\u00f6rt schon ein bisschen Gl\u00fcck dazu, einen Kooiker &#8222;in freier Wildbahn&#8220; zu treffen. Doch viele verantwortungsvolle Z\u00fcchter widmen sich mittlerweile der Erhaltung dieser Hunderasse. Umso wichtiger ist es, einen Z\u00fcchter seines Vertrauens zu finden, der sich an die strengen Zuchtvorgaben &nbsp;des <span style=\"color: #008080;\"><a style=\"color: #008080;\" href=\"http:\/\/www.vdh.de\/home\/\">V<span style=\"color: #008080;\">erbandes f\u00fcr das Deutsche Hundewesen e.V. (VDH)<\/span><\/a><\/span> und des Rassehundeverbandes, den <span style=\"text-decoration: underline; color: #008080;\"><a style=\"color: #008080; text-decoration: underline;\" href=\"http:\/\/kooikerhome.de\">Deutschen Club f\u00fcr Kooikerhondje e.V. (DCK)<\/a> <\/span>gebunden f\u00fchlt!<\/span><\/p>\n<hr>\n<h1>&nbsp;<\/h1>\n<h4><span style=\"color: #008080;\">Sein (einnehmender) Charakter<\/span><\/h4>\n<p>Das Kooikerhondje ist fr\u00f6hlich, freundlich und gutartig. Es ist eher sensibel und sch\u00fcchtern und vielleicht deshalb auch ein wenig empfindlich gegen\u00fcber L\u00e4rm und lauten Ger\u00e4uschen. Fremden gegen\u00fcber verh\u00e4lt es sich meist erst einmal etwas zur\u00fcckhaltend.<\/p>\n<p>Seine Intelligenz macht das Kooikerhondje zu einem lernwilligen Begleiter, der unterschiedlichsten Herausforderungen &#8211; wie z. B. Agility, am Fahrrad mitlaufen, Wandern &#8211; offen und freudig begegnet. Sein Jagdtrieb ist nur wenig ausgepr\u00e4gt, denn es wurde gez\u00fcchtet, nicht um Enten zu jagen, sondern um diese in eine speziellen Fangvorrichtung &#8211; dem Entenkooi &#8211; zu locken. Seine Eigenschaften machen das Kooikerhondje zu einem zuverl\u00e4ssigen Begleiter, aber sicherlich wird aus ihm nicht wirklich ein Hund mit Besch\u00fctzerinstinkt! In seiner Erziehung spielen Sensibilit\u00e4t, aber auch Konsequenz eine wichtige Rolle: Ein allzu strenger Umgang mit harter Hand ist hier genauso wenig ratsam wie der Verzicht auf klare Grenzen.<\/p>\n<hr>\n<h1>&nbsp;<\/h1>\n<h4><span style=\"color: #008080;\">Sein (unwiderstehliches) Aussehen<\/span><\/h4>\n<p>Das Fell eines Kooikerhondjes ist stets zweifarbig und von mittlerer L\u00e4nge. Dabei liegt es gut am K\u00f6rper des Hundes an. Es ist leicht gewellt, kann aber auch schon mal ganz glatt sein.&nbsp;H\u00fcndinnen erreichen eine Gr\u00f6\u00dfe von 38-40 cm Schulterh\u00f6he. R\u00fcden werden mit 40-42 cm Schulterh\u00f6he schon etwas gr\u00f6\u00dfer. Wenn ein Kooikerhondje mal ausgewachsen ist, wiegt es &#8211; je nach Gr\u00f6\u00dfe &#8211; ca. 9-13 kg.<\/p>\n<p>Sein K\u00f6rperbau ist nahezu quadratisch.<\/p>\n<p>Etwas ganz Besonders sind die Ohren des Kooikerhondjes: Sie haben eine lange Behaarung mit schwarzen Haarspitzen. Diese nennt man &#8222;Ohrbellen&#8220;.<\/p>\n<hr>\n<p>&nbsp;<\/p>\n<p>&nbsp;<\/p>\n<p><span style=\"color: #c0c0c0; font-size: 14px; line-height: 1.5em;\">(Quelle f\u00fcr den Text: Monika Dassinger: Das Kooikerhondje, Clada Verlag, Stockstadt 2006)<\/span><\/p>\n","protected":false},"excerpt":{"rendered":"<p>Seine Herkunft Seinen Ursprung hat das Kooikerhondje bei unseren Nachbarn in den Niederlanden. Es ist Baronesse van Hardenbroek van Ammerstol&#8230;<\/p>\n<div class=\"more-link-wrapper\"><a class=\"more-link\" href=\"https:\/\/kooiker-mainz.de\/?page_id=7\">&#8230;weiterlesen&#8230;<span class=\"screen-reader-text\">Das Kooikerhondje<\/span><\/a><\/div>\n","protected":false},"author":1,"featured_media":1779,"parent":0,"menu_order":4,"comment_status":"closed","ping_status":"closed","template":"","meta":[],"_links":{"self":[{"href":"https:\/\/kooiker-mainz.de\/index.php?rest_route=\/wp\/v2\/pages\/7"}],"collection":[{"href":"https:\/\/kooiker-mainz.de\/index.php?rest_route=\/wp\/v2\/pages"}],"about":[{"href":"https:\/\/kooiker-mainz.de\/index.php?rest_route=\/wp\/v2\/types\/page"}],"author":[{"embeddable":true,"href":"https:\/\/kooiker-mainz.de\/index.php?rest_route=\/wp\/v2\/users\/1"}],"replies":[{"embeddable":true,"href":"https:\/\/kooiker-mainz.de\/index.php?rest_route=%2Fwp%2Fv2%2Fcomments&post=7"}],"version-history":[{"count":83,"href":"https:\/\/kooiker-mainz.de\/index.php?rest_route=\/wp\/v2\/pages\/7\/revisions"}],"predecessor-version":[{"id":1744,"href":"https:\/\/kooiker-mainz.de\/index.php?rest_route=\/wp\/v2\/pages\/7\/revisions\/1744"}],"wp:featuredmedia":[{"embeddable":true,"href":"https:\/\/kooiker-mainz.de\/index.php?rest_route=\/wp\/v2\/media\/1779"}],"wp:attachment":[{"href":"https:\/\/kooiker-mainz.de\/index.php?rest_route=%2Fwp%2Fv2%2Fmedia&parent=7"}],"curies":[{"name":"wp","href":"https:\/\/api.w.org\/{rel}","templated":true}]}}