{"id":1752,"date":"2018-03-07T21:01:49","date_gmt":"2018-03-07T21:01:49","guid":{"rendered":"http:\/\/kooiker-mainz.de\/?page_id=1752"},"modified":"2020-09-08T19:26:31","modified_gmt":"2020-09-08T19:26:31","slug":"wuehltischwelpen","status":"publish","type":"page","link":"https:\/\/kooiker-mainz.de\/?page_id=1752","title":{"rendered":"W\u00fchltischwelpen"},"content":{"rendered":"<p>Die<span style=\"color: #008080;\"> <a style=\"color: #008080;\" href=\"http:\/\/www.wuehltischwelpen.de\/index.html?d=1\" target=\"_blank\" rel=\"noopener noreferrer\">Arbeitsgemeinschaft Welpenhandel <\/a><\/span>wurde 2011 mit dem Ziel gegr\u00fcndet, in der breiten \u00d6ffentlichkeit und in der Politik auf das Problem des zunehmenden Welpenhandels und die drohenden Folgen aufmerksam zu machen.<\/p>\n<p>Neben den gravierenden M\u00e4ngeln, die bereits bei der Aufzucht und dem Transport der Welpen bestehen, entstehen durch den Welpenhandel auch Gefahren, die sp\u00e4ter von Hunden ausgehen. Die Ursache daf\u00fcr liegt in der unzul\u00e4nglichen Sozialisation der Tiere und die meist zu fr\u00fch erfolgte Trennung von M\u00fcttern und Geschwistern. Dar\u00fcber hinaus gelangen Infektionskrankheiten in unser Land, die es vorher hier nicht gab oder die als ausgerottet galten.<\/p>\n<p>Der AG geh\u00f6ren f\u00fchrende Verb\u00e4nde und Experten aus dem Bereich Tierschutz, Zucht, Verhaltenskunde sowie Seuchenbek\u00e4mpfung an.<\/p>\n<p>Die <a href=\"http:\/\/www.wuehltischwelpen.de\/index.html?d=1\" target=\"_blank\" rel=\"noopener noreferrer\">I<span style=\"color: #008080;\">nternetseite der Initiative<\/span><\/a> liefert weitere interessante Informationen.<\/p>\n<p>Quelle Text:<span style=\"color: #008080;\">&nbsp;<a style=\"color: #008080;\" href=\"http:\/\/www.wuehltischwelpen.de\/index.html?d=1\" target=\"_blank\" rel=\"noopener noreferrer\">Internetseite der Initiative W\u00fchltischwelpen.<\/a><\/span><\/p>\n<p>&nbsp;<\/p>\n<p>&nbsp;<\/p>\n","protected":false},"excerpt":{"rendered":"<p>Die Arbeitsgemeinschaft Welpenhandel wurde 2011 mit dem Ziel gegr\u00fcndet, in der breiten \u00d6ffentlichkeit und in der Politik auf das Problem&#8230;<\/p>\n<div class=\"more-link-wrapper\"><a class=\"more-link\" href=\"https:\/\/kooiker-mainz.de\/?page_id=1752\">&#8230;weiterlesen&#8230;<span class=\"screen-reader-text\">W\u00fchltischwelpen<\/span><\/a><\/div>\n","protected":false},"author":1,"featured_media":1719,"parent":0,"menu_order":0,"comment_status":"closed","ping_status":"closed","template":"","meta":[],"_links":{"self":[{"href":"https:\/\/kooiker-mainz.de\/index.php?rest_route=\/wp\/v2\/pages\/1752"}],"collection":[{"href":"https:\/\/kooiker-mainz.de\/index.php?rest_route=\/wp\/v2\/pages"}],"about":[{"href":"https:\/\/kooiker-mainz.de\/index.php?rest_route=\/wp\/v2\/types\/page"}],"author":[{"embeddable":true,"href":"https:\/\/kooiker-mainz.de\/index.php?rest_route=\/wp\/v2\/users\/1"}],"replies":[{"embeddable":true,"href":"https:\/\/kooiker-mainz.de\/index.php?rest_route=%2Fwp%2Fv2%2Fcomments&post=1752"}],"version-history":[{"count":6,"href":"https:\/\/kooiker-mainz.de\/index.php?rest_route=\/wp\/v2\/pages\/1752\/revisions"}],"predecessor-version":[{"id":1882,"href":"https:\/\/kooiker-mainz.de\/index.php?rest_route=\/wp\/v2\/pages\/1752\/revisions\/1882"}],"wp:featuredmedia":[{"embeddable":true,"href":"https:\/\/kooiker-mainz.de\/index.php?rest_route=\/wp\/v2\/media\/1719"}],"wp:attachment":[{"href":"https:\/\/kooiker-mainz.de\/index.php?rest_route=%2Fwp%2Fv2%2Fmedia&parent=1752"}],"curies":[{"name":"wp","href":"https:\/\/api.w.org\/{rel}","templated":true}]}}